{"id":1593,"date":"2022-07-22T08:07:08","date_gmt":"2022-07-22T08:07:08","guid":{"rendered":"http:\/\/akkreditierungsrat.ch\/?page_id=1593"},"modified":"2024-08-28T10:38:34","modified_gmt":"2024-08-28T10:38:34","slug":"documents","status":"publish","type":"page","link":"https:\/\/akkreditierungsrat.ch\/fr\/documents\/","title":{"rendered":"Documents"},"content":{"rendered":"<div class=\"wpb-content-wrapper\"><p>[vc_row css_animation=\u00a0\u00bb\u00a0\u00bb row_type=\u00a0\u00bbrow\u00a0\u00bb use_row_as_full_screen_section=\u00a0\u00bbno\u00a0\u00bb type=\u00a0\u00bbgrid\u00a0\u00bb angled_section=\u00a0\u00bbno\u00a0\u00bb text_align=\u00a0\u00bbleft\u00a0\u00bb background_image_as_pattern=\u00a0\u00bbwithout_pattern\u00a0\u00bb poster=\u00a0\u00bb\u00a0\u00bb mp4=\u00a0\u00bb\u00a0\u00bb m4v=\u00a0\u00bb\u00a0\u00bb webm=\u00a0\u00bb\u00a0\u00bb ogv=\u00a0\u00bb\u00a0\u00bb overlay=\u00a0\u00bb\u00a0\u00bb z_index=\u00a0\u00bb\u00a0\u00bb][vc_column width=\u00a0\u00bb3\/4&Prime;][\/vc_column][vc_column width=\u00a0\u00bb1\/4&Prime;][\/vc_column][\/vc_row][vc_row css_animation=\u00a0\u00bb\u00a0\u00bb row_type=\u00a0\u00bbrow\u00a0\u00bb use_row_as_full_screen_section=\u00a0\u00bbyes\u00a0\u00bb type=\u00a0\u00bbfull_width\u00a0\u00bb angled_section=\u00a0\u00bbno\u00a0\u00bb text_align=\u00a0\u00bbleft\u00a0\u00bb background_image_as_pattern=\u00a0\u00bbwithout_pattern\u00a0\u00bb poster=\u00a0\u00bb\u00a0\u00bb mp4=\u00a0\u00bb\u00a0\u00bb m4v=\u00a0\u00bb\u00a0\u00bb webm=\u00a0\u00bb\u00a0\u00bb ogv=\u00a0\u00bb\u00a0\u00bb overlay=\u00a0\u00bb\u00a0\u00bb z_index=\u00a0\u00bb\u00a0\u00bb el_id=\u00a0\u00bbeinleitung\u00a0\u00bb][vc_column][vc_empty_space height=\u00a0\u00bb25px\u00a0\u00bb][vc_row_inner row_type=\u00a0\u00bbrow\u00a0\u00bb type=\u00a0\u00bbgrid\u00a0\u00bb text_align=\u00a0\u00bbleft\u00a0\u00bb css_animation=\u00a0\u00bb\u00a0\u00bb][vc_column_inner width=\u00a0\u00bb3\/4&Prime; css=\u00a0\u00bb.vc_custom_1629922905024{padding-left: 15px !important;}\u00a0\u00bb][\/vc_column_inner][vc_column_inner width=\u00a0\u00bb1\/4&Prime;][\/vc_column_inner][\/vc_row_inner][vc_empty_space height=\u00a0\u00bb50px\u00a0\u00bb][vc_row_inner row_type=\u00a0\u00bbrow\u00a0\u00bb type=\u00a0\u00bbgrid\u00a0\u00bb text_align=\u00a0\u00bbleft\u00a0\u00bb css_animation=\u00a0\u00bb\u00a0\u00bb el_id=\u00a0\u00bbMehr erfahren\u00a0\u00bb el_class=\u00a0\u00bbhide\u00a0\u00bb][vc_column_inner width=\u00a0\u00bb3\/4&Prime; css=\u00a0\u00bb.vc_custom_1629922905024{padding-left: 15px !important;}\u00a0\u00bb]\n\n\t<a href=\"#page-navigation\" target=\"_self\" style=\"color: #5b6770;font-family: &#039;nexa_boldregular&#039;\" class=\"qode-btn qode-btn-medium qode-btn-simple qode-btn-custom-hover-color qode-btn-icon qode-btn-default-hover\" data-hover-color=\"#43b4f9\" >\n\t    <span class=\"qode-btn-text\">EN SAVOIR PLUS<\/span><span class=\"qode-button-v2-icon-holder\"  ><i class=\"qode_icon_font_awesome fa fa-arrow-down qode-button-v2-icon-holder-inner\" ><\/i><\/span>\t<\/a>\n\n[\/vc_column_inner][vc_column_inner width=\u00a0\u00bb1\/4&Prime;][\/vc_column_inner][\/vc_row_inner][vc_row_inner row_type=\u00a0\u00bbrow\u00a0\u00bb type=\u00a0\u00bbgrid\u00a0\u00bb text_align=\u00a0\u00bbleft\u00a0\u00bb css_animation=\u00a0\u00bb\u00a0\u00bb background_color=\u00a0\u00bb#43b4f9&Prime; el_id=\u00a0\u00bbpage-navigation\u00a0\u00bb][vc_column_inner][vc_column_text el_class=\u00a0\u00bbpage-navigation\u00a0\u00bb]<a href=\"#bases-legales\">Bases l\u00e9gales<\/a><br \/>\n<a href=\"#rapports\">Rapports d&rsquo;activit\u00e9s<\/a><br \/>\n<a href=\"#formulaires-et-modeles\">Formulaires et mod\u00e8les pour l\u2019accr\u00e9ditation institutionnelle<\/a>[\/vc_column_text][\/vc_column_inner][\/vc_row_inner][\/vc_column][\/vc_row][vc_row css_animation=\u00a0\u00bb\u00a0\u00bb row_type=\u00a0\u00bbrow\u00a0\u00bb use_row_as_full_screen_section=\u00a0\u00bbno\u00a0\u00bb type=\u00a0\u00bbfull_width\u00a0\u00bb angled_section=\u00a0\u00bbno\u00a0\u00bb text_align=\u00a0\u00bbleft\u00a0\u00bb background_image_as_pattern=\u00a0\u00bbwithout_pattern\u00a0\u00bb][vc_column][vc_column_text]<\/p>\n<p>[\/vc_column_text][\/vc_column][\/vc_row][vc_row css_animation=\u00a0\u00bb\u00a0\u00bb row_type=\u00a0\u00bbrow\u00a0\u00bb use_row_as_full_screen_section=\u00a0\u00bbno\u00a0\u00bb type=\u00a0\u00bbgrid\u00a0\u00bb angled_section=\u00a0\u00bbno\u00a0\u00bb text_align=\u00a0\u00bbleft\u00a0\u00bb background_image_as_pattern=\u00a0\u00bbwithout_pattern\u00a0\u00bb poster=\u00a0\u00bb\u00a0\u00bb mp4=\u00a0\u00bb\u00a0\u00bb m4v=\u00a0\u00bb\u00a0\u00bb webm=\u00a0\u00bb\u00a0\u00bb ogv=\u00a0\u00bb\u00a0\u00bb overlay=\u00a0\u00bb\u00a0\u00bb z_index=\u00a0\u00bb\u00a0\u00bb el_id=\u00a0\u00bbbases-legales\u00a0\u00bb el_class=\u00a0\u00bbno-hyphen\u00a0\u00bb][vc_column][vc_empty_space height=\u00a0\u00bb50px\u00a0\u00bb][vc_column_text css=\u00a0\u00bb.vc_custom_1674096268160{padding-bottom: 30px !important;}\u00a0\u00bb]<\/p>\n<h2>Bases l\u00e9gales<\/h2>\n<p>&nbsp;<\/p>\n<p><ul class=\"dlm-downloads\"><li>\n  \n   <a class=\"download-button-link\" title=\"Loi sur l'encouragement et la coordination des hautes \u00e9coles (LEHE)\" href=\"https:\/\/www.fedlex.admin.ch\/eli\/cc\/2014\/691\/fr\" rel=\"external noopener\" target=\"_blank\"><span class=\"dlm_title with-description\">Loi sur l'encouragement et la coordination des hautes \u00e9coles (LEHE)<\/span><\/a>\n               <div class=\"top-reduced dlm_shortdescription\"><p>La LEHE est la loi f\u00e9d\u00e9rale sur l\u2019encouragement et la coordination dans le domaine suisse des hautes \u00e9coles. Elle cr\u00e9e la base l\u00e9gale permettant \u00e0 la Conf\u00e9d\u00e9ration et aux cantons de planifier et de mettre en \u0153uvre la politique de formation, de recherche et d'innovation du paysage suisse des hautes \u00e9coles.<\/p>\n<\/div>\n<\/li><li>\n  \n   <a class=\"download-button-link\" title=\"Ordonnance d'accr\u00e9ditation\" href=\"https:\/\/www.admin.ch\/opc\/fr\/classified-compilation\/20151363\/index.html\" rel=\"external noopener\" target=\"_blank\"><span class=\"dlm_title with-description\">Ordonnance d'accr\u00e9ditation<\/span><\/a>\n               <div class=\"top-reduced dlm_shortdescription\"><p>L'ordonnance du Conseil des hautes \u00e9coles pour l'accr\u00e9ditation dans le domaine des hautes \u00e9coles explique les crit\u00e8res d'admission, les proc\u00e9dures d'accr\u00e9ditation et les standards de qualit\u00e9 \u00e0 appliquer.<\/p>\n<\/div>\n<\/li><li>\n  \n   <a class=\"download-button-link\" title=\"Ordonnance sur la coordination de l'enseignement\" href=\"https:\/\/www.fedlex.admin.ch\/eli\/cc\/2019\/722\/fr\" rel=\"external noopener\" target=\"_blank\"><span class=\"dlm_title with-description\">Ordonnance sur la coordination de l'enseignement<\/span><\/a>\n               <div class=\"top-reduced dlm_shortdescription\"><p>L'ordonnance du Conseil des hautes \u00e9coles sur la coordination de l'enseignement dans les hautes \u00e9coles suisses r\u00e8gle l'organisation et le syst\u00e8me du paysage suisse des hautes \u00e9coles. Elle d\u00e9finit la structure des niveaux d'\u00e9tudes, le syst\u00e8me de cr\u00e9dits, l'attribution des titres et exige la pr\u00e9servation des possibilit\u00e9s de mobilit\u00e9 et de formation continue.<\/p>\n<\/div>\n<\/li><li>\n  \n   <a class=\"download-button-link\" title=\"Ordonnance d\u2019admission HES\" href=\"https:\/\/www.fedlex.admin.ch\/eli\/cc\/2021\/316\/fr\" rel=\"external noopener\" target=\"_blank\"><span class=\"dlm_title with-description\">Ordonnance d\u2019admission HES<\/span><\/a>\n               <div class=\"top-reduced dlm_shortdescription\"><p>L'ordonnance du Conseil des hautes \u00e9coles sur l'admission aux hautes \u00e9coles sp\u00e9cialis\u00e9es et aux instituts de niveau haute \u00e9cole sp\u00e9cialis\u00e9e fixe les conditions d'admission pour le cycle bachelor dans les hautes \u00e9coles sp\u00e9cialis\u00e9es.<\/p>\n<\/div>\n<\/li><li>\n  \n  <a class=\"download-button-link\" title=\"Download R\u00e8glement du Conseil suisse d\u2019accr\u00e9ditation relatif \u00e0 la reconnaissance d\u2019agences pour l\u2019accr\u00e9ditation selon la LEHE (pdf)\" href=\"https:\/\/akkreditierungsrat.ch\/fr\/download\/directives-du-conseil-suisse-daccreditation-relatives-a-la-reconnaissance-dagences-pour-laccreditation-selon-la-lehe\/?tmstv=1776515781\" rel=\"nofollow\"><span class=\"dlm_title with-description\">R\u00e8glement du Conseil suisse d\u2019accr\u00e9ditation relatif \u00e0 la reconnaissance d\u2019agences pour l\u2019accr\u00e9ditation selon la LEHE <\/span><\/a>\n             <div class=\"top-reduced dlm_shortdescription\"><p>Le pr\u00e9sent r\u00e8glement d\u00e9finit les conditions de reconnaissance des agences d\u2019accr\u00e9ditation habilit\u00e9es \u00e0 mener des proc\u00e9dures d\u2019accr\u00e9ditation selon la LEHE et pr\u00e9cise la proc\u00e9dure appliqu\u00e9e \u00e0 cet effet.<\/p>\n<\/div>\n<\/li><li>\n  \n  <a class=\"download-button-link\" title=\"Download R\u00e8glement d'organisation du CSA (pdf)\" href=\"https:\/\/akkreditierungsrat.ch\/fr\/download\/reglement-relatif-a-lorganisation-du-conseil-suisse-daccreditation-rorg-csa\/?tmstv=1776515781\" rel=\"nofollow\"><span class=\"dlm_title with-description\">R\u00e8glement d'organisation du CSA <\/span><\/a>\n             <div class=\"top-reduced dlm_shortdescription\"><p>Le pr\u00e9sent r\u00e8glement fixe les d\u00e9tails de l'organisation du Conseil suisse d'accr\u00e9ditation.<\/p>\n<\/div>\n<\/li><li>\n  \n  <a class=\"download-button-link\" title=\"Download R\u00e8glement d'organisation de l\u2019AAQ (pdf)\" href=\"https:\/\/akkreditierungsrat.ch\/fr\/download\/reglement-relatif-a-lorganisation-de-lagence-suisse-daccreditation-et-dassurance-qualite-rorg-aaq\/?tmstv=1776515781\" rel=\"nofollow\"><span class=\"dlm_title with-description\">R\u00e8glement d'organisation de l\u2019AAQ <\/span><\/a>\n             <div class=\"top-reduced dlm_shortdescription\"><p>Le pr\u00e9sent r\u00e8glement fixe les modalit\u00e9s d'organisation de l'Agence suisse d'accr\u00e9ditation et d'assurance de la qualit\u00e9.<\/p>\n<\/div>\n<\/li><li>\n  \n   <a class=\"download-button-link\" title=\"Ordonnance sur les \u00e9moluments du CSA\" href=\"https:\/\/www.fedlex.admin.ch\/eli\/cc\/2018\/336\/fr\" rel=\"external noopener\" target=\"_blank\"><span class=\"dlm_title with-description\">Ordonnance sur les \u00e9moluments du CSA<\/span><\/a>\n               <div class=\"top-reduced dlm_shortdescription\"><p>La pr\u00e9sente ordonnance du Conseil suisse d'accr\u00e9ditation r\u00e8gle les \u00e9moluments pour les proc\u00e9dures d'accr\u00e9ditation et pour les prestations fournies sur mandat de tiers.<\/p>\n<\/div>\n<\/li><li>\n  \n   <a class=\"download-button-link\" title=\"R\u00e8glement sur la reconnaissance des dipl\u00f4mes (selon la CDIP)\" href=\"https:\/\/edudoc.ch\/record\/202452?ln=fr\" rel=\"external noopener\" target=\"_blank\"><span class=\"dlm_title with-description\">R\u00e8glement sur la reconnaissance des dipl\u00f4mes (selon la CDIP)<\/span><\/a>\n               <div class=\"top-reduced dlm_shortdescription\"><p>Ce r\u00e8glement de la Conf\u00e9rence suisse des directeurs cantonaux de l'instruction publique (CDIP) fixe la reconnaissance des dipl\u00f4mes d'enseignement pour le degr\u00e9 primaire, le degr\u00e9 secondaire I et les \u00e9coles de maturit\u00e9. (Langue du document : allemand)<\/p>\n<\/div>\n<\/li><li>\n  \n  <a class=\"download-button-link\" title=\"Download Sur le statut des institutions \u00e9trang\u00e8res et priv\u00e9es du domaine des hautes \u00e9coles sous le r\u00e9gime de la loi sur l\u2019encouragement et la coordination des hautes \u00e9coles (pdf)\" href=\"https:\/\/akkreditierungsrat.ch\/fr\/download\/sur-le-statut-des-institutions-etrangeres-et-privees-du-domaine-des-hautes-ecoles-sous-le-regime-de-la-loi-sur-lencouragement-et-la-coordination-des-hautes-ecoles\/?tmstv=1776515781\" rel=\"nofollow\"><span class=\"dlm_title with-description\">Sur le statut des institutions \u00e9trang\u00e8res et priv\u00e9es du domaine des hautes \u00e9coles sous le r\u00e9gime de la loi sur l\u2019encouragement et la coordination des hautes \u00e9coles <\/span><\/a>\n             <div class=\"top-reduced dlm_shortdescription\"><p>Cette expertise juridique demand\u00e9e par le Secr\u00e9tariat d\u2019\u00c9tat \u00e0 la formation, \u00e0 la recherche et \u00e0 l\u2019innovation (SEFRI) aborde le statut des \u00e9tablissements \u00e9trangers et priv\u00e9s du domaine des hautes \u00e9coles sous le r\u00e9gime de la loi sur l\u2019encouragement et la coordination des hautes \u00e9coles, ainsi que leurs droits et obligations.<\/p>\n<\/div>\n<\/li><li>\n  \n  <a class=\"download-button-link\" title=\"Download Guide d'interpr\u00e9tation du Conseil des hautes \u00e9coles (pdf)\" href=\"https:\/\/akkreditierungsrat.ch\/fr\/download\/aide-a-linterpretation-du-conseil-des-hautes-ecoles\/?tmstv=1776515781\" rel=\"nofollow\"><span class=\"dlm_title with-description\">Guide d'interpr\u00e9tation du Conseil des hautes \u00e9coles <\/span><\/a>\n             <div class=\"top-reduced dlm_shortdescription\"><p>Ce document du Conseil des hautes \u00e9coles permet de faire la distinction entre les universit\u00e9s et les instituts universitaires ou les hautes \u00e9coles sp\u00e9cialis\u00e9es et les instituts de niveau haute \u00e9cole sp\u00e9cialis\u00e9e.<\/p>\n<\/div>\n<\/li><li>\n  \n   <a class=\"download-button-link\" title=\"Catalogue des branches des hautes \u00e9coles sp\u00e9cialis\u00e9es et p\u00e9dagogiques\" href=\"https:\/\/dam-api.bfs.admin.ch\/hub\/api\/dam\/assets\/21785400\/master\" rel=\"external noopener\" target=\"_blank\"><span class=\"dlm_title with-description\">Catalogue des branches des hautes \u00e9coles sp\u00e9cialis\u00e9es et p\u00e9dagogiques<\/span><\/a>\n               <div class=\"top-reduced dlm_shortdescription\"><p>Cette statistique des hautes \u00e9coles sp\u00e9cialis\u00e9es suisses classe les fili\u00e8res d\u2019\u00e9tudes et les domaines d\u2019activit\u00e9s des hautes \u00e9coles sp\u00e9cialis\u00e9es et des hautes \u00e9coles p\u00e9dagogiques dans un syst\u00e8me uniforme.<\/p>\n<\/div>\n<\/li><li>\n  \n   <a class=\"download-button-link\" title=\"Catalogue des branches des hautes \u00e9coles universitaires\" href=\"https:\/\/dam-api.bfs.admin.ch\/hub\/api\/dam\/assets\/7166845\/master\" rel=\"external noopener\" target=\"_blank\"><span class=\"dlm_title with-description\">Catalogue des branches des hautes \u00e9coles universitaires<\/span><\/a>\n               <div class=\"top-reduced dlm_shortdescription\"><p>Cette statistique des hautes universitaires suisses classe les cursus et les domaines d\u2019activit\u00e9s des hautes \u00e9coles universitaires, des \u00e9coles polytechniques f\u00e9d\u00e9rales et des institutions universitaires dans un syst\u00e8me uniforme.<\/p>\n<\/div>\n<\/li><li>\n  \n  <a class=\"download-button-link\" title=\"Download Protection des titres dans le domaine suisse des hautes \u00e9coles (pdf)\" href=\"https:\/\/akkreditierungsrat.ch\/fr\/download\/protection-des-titres-dans-le-domaine-suisse-des-hautes-ecoles\/?tmstv=1776515781\" rel=\"nofollow\"><span class=\"dlm_title with-description\">Protection des titres dans le domaine suisse des hautes \u00e9coles <\/span><\/a>\n             <div class=\"top-reduced dlm_shortdescription\"><p>Ce document de travail du D\u00e9partement f\u00e9d\u00e9ral de l\u2019\u00e9conomie, de la formation et de la recherche DEFR traite les bases l\u00e9gales de la protection des titres dans le domaine suisse des hautes \u00e9coles.<\/p>\n<\/div>\n<\/li><li>\n  \n  <a class=\"download-button-link\" title=\"Download Recommandation du Conseil des hautes \u00e9coles relative aux crit\u00e8res de qualification pour les enseignants des hautes \u00e9coles (pdf)\" href=\"https:\/\/akkreditierungsrat.ch\/fr\/download\/recommandation-du-conseil-des-hautes-ecoles-relative-aux-criteres-de-qualification-pour-les-enseignants-des-hautes-ecoles\/?tmstv=1776515781\" rel=\"nofollow\"><span class=\"dlm_title with-description\">Recommandation du Conseil des hautes \u00e9coles relative aux crit\u00e8res de qualification pour les enseignants des hautes \u00e9coles <\/span><\/a>\n             <div class=\"top-reduced dlm_shortdescription\"><p style=\"font-weight: 400\">Sur mandat du Conseil des hautes \u00e9coles, swissuniverisities a \u00e9labor\u00e9 des crit\u00e8res minimaux pour les qualifications des enseignant-e-s des hautes \u00e9coles.<\/p>\n<\/div>\n<\/li><\/ul>\n\t\t\t\t[\/vc_column_text][vc_empty_space height=\u00a0\u00bb50px\u00a0\u00bb][\/vc_column][\/vc_row][vc_row css_animation=\u00a0\u00bb\u00a0\u00bb row_type=\u00a0\u00bbrow\u00a0\u00bb use_row_as_full_screen_section=\u00a0\u00bbno\u00a0\u00bb type=\u00a0\u00bbfull_width\u00a0\u00bb angled_section=\u00a0\u00bbno\u00a0\u00bb text_align=\u00a0\u00bbleft\u00a0\u00bb background_image_as_pattern=\u00a0\u00bbwithout_pattern\u00a0\u00bb poster=\u00a0\u00bb\u00a0\u00bb mp4=\u00a0\u00bb\u00a0\u00bb m4v=\u00a0\u00bb\u00a0\u00bb webm=\u00a0\u00bb\u00a0\u00bb ogv=\u00a0\u00bb\u00a0\u00bb overlay=\u00a0\u00bb\u00a0\u00bb z_index=\u00a0\u00bb\u00a0\u00bb el_id=\u00a0\u00bbrapports\u00a0\u00bb background_color=\u00a0\u00bb#eaeaea\u00a0\u00bb el_class=\u00a0\u00bbno-hyphen\u00a0\u00bb][vc_column][vc_empty_space height=\u00a0\u00bb50px\u00a0\u00bb][vc_row_inner row_type=\u00a0\u00bbrow\u00a0\u00bb type=\u00a0\u00bbgrid\u00a0\u00bb text_align=\u00a0\u00bbleft\u00a0\u00bb css_animation=\u00a0\u00bb\u00a0\u00bb][vc_column_inner][vc_column_text css=\u00a0\u00bb.vc_custom_1673873023062{padding-bottom: 30px !important;}\u00a0\u00bb]<\/p>\n<h2>Rapports d&rsquo;activit\u00e9s<\/h2>\n<p>Dans ses rapports d&rsquo;activit\u00e9s, le Conseil suisse d&rsquo;accr\u00e9ditation informe sur son travail et son \u00e9volution au cours de l&rsquo;ann\u00e9e concern\u00e9e.<\/p>\n<p>&nbsp;<\/p>\n<p><ul class=\"dlm-downloads\"><li>\n\n <a class=\"download-button-link\" title=\"Download Rapport d\u2019activit\u00e9s du Conseil d\u2019accreditation 2024 (pdf)\"s href=\"https:\/\/akkreditierungsrat.ch\/fr\/download\/rapport-dactivites-du-conseil-daccreditation-2024\/?tmstv=1776515781\" rel=\"nofollow noopener\">\n\tRapport d\u2019activit\u00e9s du Conseil d\u2019accreditation 2024<\/a>\n   <\/li><li>\n\n <a class=\"download-button-link\" title=\"Download Rapport d\u2019activit\u00e9s du Conseil d\u2019accreditation 2023 (pdf)\"s href=\"https:\/\/akkreditierungsrat.ch\/fr\/download\/rapport-dactivites-du-conseil-daccreditation-2023\/?tmstv=1776515781\" rel=\"nofollow noopener\">\n\tRapport d\u2019activit\u00e9s du Conseil d\u2019accreditation 2023<\/a>\n   <\/li><li>\n\n <a class=\"download-button-link\" title=\"Download Rapport d\u2019activit\u00e9s du Conseil d\u2019accreditation 2022 (pdf)\"s href=\"https:\/\/akkreditierungsrat.ch\/fr\/download\/rapport-dactivites-du-conseil-daccreditation-2022\/?tmstv=1776515781\" rel=\"nofollow noopener\">\n\tRapport d\u2019activit\u00e9s du Conseil d\u2019accreditation 2022<\/a>\n   <\/li><li>\n\n <a class=\"download-button-link\" title=\"Download Rapport d\u2019activit\u00e9s du Conseil d\u2019accreditation 2021 (pdf)\"s href=\"https:\/\/akkreditierungsrat.ch\/fr\/download\/rapport-dactivites-du-conseil-daccreditation-2020\/?tmstv=1776515781\" rel=\"nofollow noopener\">\n\tRapport d\u2019activit\u00e9s du Conseil d\u2019accreditation 2021<\/a>\n   <\/li><li>\n\n <a class=\"download-button-link\" title=\"Download Rapport d\u2019activit\u00e9s du Conseil d\u2019accreditation 2020 (pdf)\"s href=\"https:\/\/akkreditierungsrat.ch\/fr\/download\/rapport-dactivites-du-conseil-daccreditation-2019-2\/?tmstv=1776515781\" rel=\"nofollow noopener\">\n\tRapport d\u2019activit\u00e9s du Conseil d\u2019accreditation 2020<\/a>\n   <\/li><li>\n\n <a class=\"download-button-link\" title=\"Download Rapport d\u2019activit\u00e9s du Conseil d\u2019accreditation 2019 (pdf)\"s href=\"https:\/\/akkreditierungsrat.ch\/fr\/download\/rapport-dactivites-du-conseil-daccreditation-2019\/?tmstv=1776515781\" rel=\"nofollow noopener\">\n\tRapport d\u2019activit\u00e9s du Conseil d\u2019accreditation 2019<\/a>\n   <\/li><li>\n\n <a class=\"download-button-link\" title=\"Download Rapport d'activit\u00e9s du Conseil d'accreditation 2018 (pdf)\"s href=\"https:\/\/akkreditierungsrat.ch\/fr\/download\/rapport-dactivites-du-conseil-daccreditation-2017-2\/?tmstv=1776515781\" rel=\"nofollow noopener\">\n\tRapport d'activit\u00e9s du Conseil d'accreditation 2018<\/a>\n   <\/li><li>\n\n <a class=\"download-button-link\" title=\"Download Rapport d'activit\u00e9s du Conseil d'accreditation 2017 (pdf)\"s href=\"https:\/\/akkreditierungsrat.ch\/fr\/download\/rapport-dactivites-du-conseil-daccreditation-2017\/?tmstv=1776515781\" rel=\"nofollow noopener\">\n\tRapport d'activit\u00e9s du Conseil d'accreditation 2017<\/a>\n   <\/li><li>\n\n <a class=\"download-button-link\" title=\"Download Rapport d'activit\u00e9s du Conseil d'accreditation 2016 (pdf)\"s href=\"https:\/\/akkreditierungsrat.ch\/fr\/download\/rapport-dactivites-du-conseil-daccreditation-2016\/?tmstv=1776515781\" rel=\"nofollow noopener\">\n\tRapport d'activit\u00e9s du Conseil d'accreditation 2016<\/a>\n   <\/li><li>\n\n <a class=\"download-button-link\" title=\"Download Rapport d'activit\u00e9s du Conseil d'accreditation 2015 (pdf)\"s href=\"https:\/\/akkreditierungsrat.ch\/fr\/download\/rapport-dactivites-du-conseil-daccreditation-2015\/?tmstv=1776515781\" rel=\"nofollow noopener\">\n\tRapport d'activit\u00e9s du Conseil d'accreditation 2015<\/a>\n   <\/li><\/ul>\n\t\t\t\t[\/vc_column_text][\/vc_column_inner][\/vc_row_inner][vc_empty_space height=\u00a0\u00bb50px\u00a0\u00bb][\/vc_column][\/vc_row][vc_row css_animation=\u00a0\u00bb\u00a0\u00bb row_type=\u00a0\u00bbrow\u00a0\u00bb use_row_as_full_screen_section=\u00a0\u00bbno\u00a0\u00bb type=\u00a0\u00bbfull_width\u00a0\u00bb angled_section=\u00a0\u00bbno\u00a0\u00bb text_align=\u00a0\u00bbleft\u00a0\u00bb background_image_as_pattern=\u00a0\u00bbwithout_pattern\u00a0\u00bb poster=\u00a0\u00bb\u00a0\u00bb mp4=\u00a0\u00bb\u00a0\u00bb m4v=\u00a0\u00bb\u00a0\u00bb webm=\u00a0\u00bb\u00a0\u00bb ogv=\u00a0\u00bb\u00a0\u00bb overlay=\u00a0\u00bb\u00a0\u00bb z_index=\u00a0\u00bb\u00a0\u00bb el_id=\u00a0\u00bbformulaires-et-modeles\u00a0\u00bb el_class=\u00a0\u00bbno-hyphen\u00a0\u00bb][vc_column][vc_empty_space height=\u00a0\u00bb50px\u00a0\u00bb][vc_row_inner row_type=\u00a0\u00bbrow\u00a0\u00bb type=\u00a0\u00bbgrid\u00a0\u00bb text_align=\u00a0\u00bbleft\u00a0\u00bb css_animation=\u00a0\u00bb\u00a0\u00bb][vc_column_inner][vc_column_text css=\u00a0\u00bb.vc_custom_1724841511082{padding-bottom: 30px !important;}\u00a0\u00bb]<\/p>\n<h2>Formulaires et mod\u00e8les pour l\u2019accr\u00e9ditation institutionnelle<\/h2>\n<p>&nbsp;<\/p>\n<p><ul class=\"dlm-downloads\"><li>\n  \n  <a class=\"download-button-link\" title=\"Download Mod\u00e8le pour la motivation de la demande (docx)\" href=\"https:\/\/akkreditierungsrat.ch\/fr\/download\/modele-pour-la-motivation-de-la-demande\/?tmstv=1776515781\" rel=\"nofollow\"><span class=\"dlm_title with-description\">Mod\u00e8le pour la motivation de la demande <\/span><\/a>\n             <div class=\"top-reduced dlm_shortdescription\"><p>Ce mod\u00e8le sert de guide pour motiver la demande d'ouverture de la proc\u00e9dure d'accr\u00e9ditation.<\/p>\n<\/div>\n<\/li><li>\n  \n  <a class=\"download-button-link\" title=\"Download Demande d'accr\u00e9ditation institutionnelle (pdf)\" href=\"https:\/\/akkreditierungsrat.ch\/fr\/download\/demande-a-laccreditation-institutionnelle-lehe-formulaire\/?tmstv=1776515781\" rel=\"nofollow\"><span class=\"dlm_title with-description\">Demande d'accr\u00e9ditation institutionnelle <\/span><\/a>\n             <div class=\"top-reduced dlm_shortdescription\"><p>Ce formulaire permet aux hautes \u00e9coles de d\u00e9poser une demande d'accr\u00e9ditation institutionnelle, qui doit \u00eatre envoy\u00e9e, compl\u00e9t\u00e9e et sign\u00e9e, au Conseil d'accr\u00e9ditation.<\/p>\n<\/div>\n<\/li><\/ul>\n\t\t\t\t[\/vc_column_text][\/vc_column_inner][\/vc_row_inner][vc_empty_space height=\u00a0\u00bb50px\u00a0\u00bb][\/vc_column][\/vc_row]<\/p>\n<\/div>","protected":false},"excerpt":{"rendered":"<p>[vc_row css_animation=\u00a0\u00bb\u00a0\u00bb row_type=\u00a0\u00bbrow\u00a0\u00bb use_row_as_full_screen_section=\u00a0\u00bbno\u00a0\u00bb type=\u00a0\u00bbgrid\u00a0\u00bb angled_section=\u00a0\u00bbno\u00a0\u00bb text_align=\u00a0\u00bbleft\u00a0\u00bb background_image_as_pattern=\u00a0\u00bbwithout_pattern\u00a0\u00bb poster=\u00a0\u00bb\u00a0\u00bb mp4=\u00a0\u00bb\u00a0\u00bb m4v=\u00a0\u00bb\u00a0\u00bb webm=\u00a0\u00bb\u00a0\u00bb ogv=\u00a0\u00bb\u00a0\u00bb overlay=\u00a0\u00bb\u00a0\u00bb z_index=\u00a0\u00bb\u00a0\u00bb][vc_column width=\u00a0\u00bb3\/4&Prime;][\/vc_column][vc_column width=\u00a0\u00bb1\/4&Prime;][\/vc_column][\/vc_row][vc_row css_animation=\u00a0\u00bb\u00a0\u00bb row_type=\u00a0\u00bbrow\u00a0\u00bb use_row_as_full_screen_section=\u00a0\u00bbyes\u00a0\u00bb type=\u00a0\u00bbfull_width\u00a0\u00bb angled_section=\u00a0\u00bbno\u00a0\u00bb text_align=\u00a0\u00bbleft\u00a0\u00bb background_image_as_pattern=\u00a0\u00bbwithout_pattern\u00a0\u00bb poster=\u00a0\u00bb\u00a0\u00bb mp4=\u00a0\u00bb\u00a0\u00bb m4v=\u00a0\u00bb\u00a0\u00bb webm=\u00a0\u00bb\u00a0\u00bb ogv=\u00a0\u00bb\u00a0\u00bb overlay=\u00a0\u00bb\u00a0\u00bb z_index=\u00a0\u00bb\u00a0\u00bb el_id=\u00a0\u00bbeinleitung\u00a0\u00bb][vc_column][vc_empty_space height=\u00a0\u00bb25px\u00a0\u00bb][vc_row_inner row_type=\u00a0\u00bbrow\u00a0\u00bb type=\u00a0\u00bbgrid\u00a0\u00bb text_align=\u00a0\u00bbleft\u00a0\u00bb css_animation=\u00a0\u00bb\u00a0\u00bb][vc_column_inner width=\u00a0\u00bb3\/4&Prime; css=\u00a0\u00bb.vc_custom_1629922905024{padding-left: 15px !important;}\u00a0\u00bb][\/vc_column_inner][vc_column_inner width=\u00a0\u00bb1\/4&Prime;][\/vc_column_inner][\/vc_row_inner][vc_empty_space height=\u00a0\u00bb50px\u00a0\u00bb][vc_row_inner row_type=\u00a0\u00bbrow\u00a0\u00bb type=\u00a0\u00bbgrid\u00a0\u00bb&#8230;<\/p>\n","protected":false},"author":13,"featured_media":0,"parent":0,"menu_order":3,"comment_status":"open","ping_status":"closed","template":"full_width.php","meta":{"footnotes":""},"class_list":["post-1593","page","type-page","status-publish","hentry"],"_links":{"self":[{"href":"https:\/\/akkreditierungsrat.ch\/fr\/wp-json\/wp\/v2\/pages\/1593","targetHints":{"allow":["GET"]}}],"collection":[{"href":"https:\/\/akkreditierungsrat.ch\/fr\/wp-json\/wp\/v2\/pages"}],"about":[{"href":"https:\/\/akkreditierungsrat.ch\/fr\/wp-json\/wp\/v2\/types\/page"}],"author":[{"embeddable":true,"href":"https:\/\/akkreditierungsrat.ch\/fr\/wp-json\/wp\/v2\/users\/13"}],"replies":[{"embeddable":true,"href":"https:\/\/akkreditierungsrat.ch\/fr\/wp-json\/wp\/v2\/comments?post=1593"}],"version-history":[{"count":18,"href":"https:\/\/akkreditierungsrat.ch\/fr\/wp-json\/wp\/v2\/pages\/1593\/revisions"}],"predecessor-version":[{"id":7515,"href":"https:\/\/akkreditierungsrat.ch\/fr\/wp-json\/wp\/v2\/pages\/1593\/revisions\/7515"}],"wp:attachment":[{"href":"https:\/\/akkreditierungsrat.ch\/fr\/wp-json\/wp\/v2\/media?parent=1593"}],"curies":[{"name":"wp","href":"https:\/\/api.w.org\/{rel}","templated":true}]}}