{"id":6964,"date":"2021-08-20T13:59:06","date_gmt":"2021-08-20T13:59:06","guid":{"rendered":"https:\/\/akkreditierungsrat.ch\/akkreditierung\/"},"modified":"2026-01-04T02:53:33","modified_gmt":"2026-01-04T02:53:33","slug":"accreditamento","status":"publish","type":"page","link":"https:\/\/akkreditierungsrat.ch\/it\/accreditamento\/","title":{"rendered":"Accreditamento"},"content":{"rendered":"<div class=\"wpb-content-wrapper\"><p>[vc_row css_animation=&#8221;&#8221; row_type=&#8221;row&#8221; use_row_as_full_screen_section=&#8221;yes&#8221; type=&#8221;full_width&#8221; angled_section=&#8221;no&#8221; text_align=&#8221;left&#8221; background_image_as_pattern=&#8221;without_pattern&#8221; poster=&#8221;&#8221; mp4=&#8221;&#8221; m4v=&#8221;&#8221; webm=&#8221;&#8221; ogv=&#8221;&#8221; overlay=&#8221;&#8221; z_index=&#8221;&#8221; el_id=&#8221;einleitung&#8221;][vc_column][vc_empty_space height=&#8221;25px&#8221;][vc_row_inner row_type=&#8221;row&#8221; type=&#8221;grid&#8221; text_align=&#8221;left&#8221; css_animation=&#8221;&#8221;][vc_column_inner width=&#8221;3\/4&#8243;][vc_column_text css=&#8221;.vc_custom_1678113770486{padding-bottom: 20px !important;}&#8221;]Sulla base della Costituzione federale, la Confederazione e i Cantoni assicurano la garanzia della qualit\u00e0 nel settore universitario svizzero. A tal fine, incaricano il Consiglio svizzero di accreditamento di decidere in merito all\u2019accreditamento delle scuole universitarie, sia per l\u2019accreditamento istituzionale che per l\u2019accreditamento di programmi. Le norme procedurali e gli standard di qualit\u00e0 sono definiti nella <a href=\"https:\/\/www.fedlex.admin.ch\/eli\/cc\/2014\/691\/it\" target=\"_blank\" rel=\"noopener\">legge sulla promozione e sul coordinamento del settore universitario svizzero (LPSU)<\/a> e si basano sugli <a href=\"https:\/\/www.enqa.eu\/wp-content\/uploads\/filebase\/esg\/ESG%20in%20Italian.pdf\" target=\"_blank\" rel=\"noopener\">Standard e Linee Guida per l\u2019Assicurazione della Qualit\u00e0 nello Spazio europeo dell\u2019Istruzione Superiore (ESG)<\/a>. Le procedure di accreditamento sono condotte dall\u2019<a href=\"https:\/\/aaq.ch\/it\/\" target=\"_blank\" rel=\"noopener\">Agenzia svizzera di accreditamento e garanzia della qualit\u00e0 (AAQ)<\/a> e da altre <a href=\"https:\/\/akkreditierungsrat.ch\/it\/accreditamento\/#agenzie\">agenzie riconosciute<\/a>. Se il Consiglio di accreditamento prende una decisione di accreditamento positiva, certifica che una scuola universitaria o un ciclo di studio soddisfa i requisiti minimi definiti nella LPSU.[\/vc_column_text][\/vc_column_inner][vc_column_inner width=&#8221;1\/4&#8243;][\/vc_column_inner][\/vc_row_inner][vc_empty_space height=&#8221;50px&#8221;][vc_row_inner row_type=&#8221;row&#8221; type=&#8221;grid&#8221; text_align=&#8221;left&#8221; css_animation=&#8221;&#8221; el_class=&#8221;hide&#8221;][vc_column_inner width=&#8221;3\/4&#8243; css=&#8221;.vc_custom_1629922905024{padding-left: 15px !important;}&#8221;]\n\n\t<a href=\"#page-navigation\" target=\"_self\" style=\"color: #5b6770;font-family: &#039;nexa_boldregular&#039;\" class=\"qode-btn qode-btn-medium qode-btn-simple qode-btn-custom-hover-color qode-btn-icon qode-btn-default-hover\" data-hover-color=\"#43b4f9\" >\n\t    <span class=\"qode-btn-text\">MEHR ERFAHREN<\/span><span class=\"qode-button-v2-icon-holder\"  ><i class=\"qode_icon_font_awesome fa fa-arrow-down qode-button-v2-icon-holder-inner\" ><\/i><\/span>\t<\/a>\n\n[\/vc_column_inner][vc_column_inner width=&#8221;1\/4&#8243;][\/vc_column_inner][\/vc_row_inner][vc_row_inner row_type=&#8221;row&#8221; type=&#8221;grid&#8221; text_align=&#8221;left&#8221; css_animation=&#8221;&#8221; background_color=&#8221;#43b4f9&#8243; el_id=&#8221;page-navigation&#8221;][vc_column_inner][vc_column_text el_class=&#8221;page-navigation&#8221;]<a href=\"#comunita-studentesca\">Per la comunit\u00e0 studentesca<\/a><br \/>\n<a href=\"#scuole-universitarie\">Per le scuole universitarie<\/a><br \/>\n<a href=\"#agenzie-accreditamento\">Per le agenzie di accreditamento<\/a>[\/vc_column_text][\/vc_column_inner][\/vc_row_inner][\/vc_column][\/vc_row][vc_row css_animation=&#8221;&#8221; row_type=&#8221;row&#8221; use_row_as_full_screen_section=&#8221;yes&#8221; type=&#8221;full_width&#8221; in_content_menu=&#8221;in_content_menu&#8221; content_menu_icon=&#8221;&#8221; angled_section=&#8221;no&#8221; text_align=&#8221;left&#8221; background_image_as_pattern=&#8221;without_pattern&#8221; el_id=&#8221;comunita-studentesca&#8221; z_index=&#8221;&#8221; content_menu_title=&#8221;Mitglieder&#8221;][vc_column][vc_row_inner row_type=&#8221;row&#8221; type=&#8221;grid&#8221; text_align=&#8221;left&#8221; css_animation=&#8221;&#8221;][vc_column_inner][vc_column_text css=&#8221;.vc_custom_1678113864087{margin-top: 60px !important;padding-bottom: 32px !important;}&#8221;]<\/p>\n<h2>Per la comunit\u00e0 studentesca<\/h2>\n<p>[\/vc_column_text][\/vc_column_inner][\/vc_row_inner][vc_row_inner row_type=&#8221;row&#8221; type=&#8221;grid&#8221; text_align=&#8221;left&#8221; css_animation=&#8221;&#8221;][vc_column_inner width=&#8221;3\/4&#8243;][vc_column_text css=&#8221;.vc_custom_1678113919948{padding-bottom: 20px !important;}&#8221;]Nel quadro delle procedure di accreditamento, la valutazione esterna viene effettuata da un gruppo di esperti qualificato di almeno cinque membri, costituito dall\u2019agenzia incaricata della procedura. Il gruppo deve includere sistematicamente un membro del corpo studente che partecipa a pieno titolo alla valutazione del soddisfacimento degli standard di qualit\u00e0 da parte delle scuole universitarie. Attraverso questa partecipazione alle procedure di accreditamento, la comunit\u00e0 studentesca pu\u00f2 esercitare un\u2019influenza diretta sulla qualit\u00e0 dell\u2019insegnamento.<\/p>\n<p>L\u2019<a href=\"https:\/\/vss-unes.ch\/it\/fokus\/akkreditierungspool\/\" target=\"_blank\" rel=\"noopener\">Unione Svizzera degli e delle universitari-e (USU)<\/a> propone un corso di formazione di un giorno per preparare in modo ottimale i rappresentanti della comunit\u00e0 studentesca del gruppo di esperti alla loro partecipazione.[\/vc_column_text][\/vc_column_inner][vc_column_inner width=&#8221;1\/4&#8243;][\/vc_column_inner][\/vc_row_inner][vc_empty_space height=&#8221;50px&#8221;][\/vc_column][\/vc_row][vc_row css_animation=&#8221;&#8221; row_type=&#8221;row&#8221; use_row_as_full_screen_section=&#8221;yes&#8221; type=&#8221;full_width&#8221; angled_section=&#8221;no&#8221; text_align=&#8221;left&#8221; background_image_as_pattern=&#8221;without_pattern&#8221; el_id=&#8221;scuole-universitarie&#8221; z_index=&#8221;&#8221; background_color=&#8221;#eaeaea&#8221;][vc_column][vc_row_inner row_type=&#8221;row&#8221; type=&#8221;grid&#8221; text_align=&#8221;left&#8221; css_animation=&#8221;&#8221;][vc_column_inner][vc_column_text css=&#8221;.vc_custom_1678113947386{margin-bottom: 20px !important;padding-top: 60px !important;}&#8221;]<\/p>\n<h2>Per le scuole universitarie<\/h2>\n<p>[\/vc_column_text][\/vc_column_inner][\/vc_row_inner][vc_row_inner row_type=&#8221;row&#8221; type=&#8221;grid&#8221; text_align=&#8221;left&#8221; css_animation=&#8221;&#8221;][vc_column_inner width=&#8221;3\/4&#8243;][vc_column_text css=&#8221;.vc_custom_1678113973195{padding-bottom: 20px !important;}&#8221;]Con gli strumenti di garanzia della qualit\u00e0 e di accreditamento, la <a href=\"https:\/\/www.fedlex.admin.ch\/eli\/cc\/2014\/691\/it\" target=\"_blank\" rel=\"noopener\">legge sulla promozione e sul coordinamento del settore universitario svizzero (LPSU)<\/a> richiede che le scuole universitarie dispongano di un proprio sistema di garanzia della qualit\u00e0 e lo attuino efficacemente secondo i criteri nazionali e internazionali. Pertanto, l\u2019accreditamento non solo fornisce alle scuole universitarie un aiuto all\u2019orientamento, alla presa di decisioni e allo sviluppo di un profilo chiaro, ma contribuisce anche a una maggiore visibilit\u00e0 e riconoscimento a livello nazionale e internazionale. Di conseguenza, l\u2019accreditamento garantisce il riconoscimento di diplomi e titoli e facilita la mobilit\u00e0 all&#8217;interno dello Spazio europeo dell\u2019istruzione superiore.[\/vc_column_text][\/vc_column_inner][vc_column_inner width=&#8221;1\/4&#8243;][\/vc_column_inner][\/vc_row_inner][vc_separator type=&#8221;normal&#8221; up=&#8221;25&#8243; down=&#8221;25&#8243; color=&#8221;#ffffff&#8221;][vc_row_inner row_type=&#8221;row&#8221; type=&#8221;grid&#8221; text_align=&#8221;left&#8221; css_animation=&#8221;&#8221;][vc_column_inner width=&#8221;3\/4&#8243;][vc_column_text css=&#8221;.vc_custom_1678114059366{padding-bottom: 20px !important;}&#8221;]<\/p>\n<h5>Accreditamento istituzionale<\/h5>\n<p>L\u2019accreditamento istituzionale \u00e8 un prerequisito per il diritto alla denominazione: se una scuola universitaria vuole chiamarsi \u00abuniversit\u00e0\u00bb, \u00abscuola universitaria professionale\u00bb o \u00abalta scuola pedagogica\u00bb deve ottenere l\u2019accreditamento istituzionale. L&#8217;accreditamento istituzionale \u00e8 inoltre un prerequisito per la richiesta di contributi federali.<\/p>\n<p>Tutte le scuole universitarie cantonali e federali nonch\u00e9 gli altri istituti accademici riconosciuti ai sensi della passata legge sono soggetti all\u2019obbligo di accreditamento. Le istituzioni private devono essere accreditate se vogliono avvalersi del diritto alla denominazione o se necessitano dell\u2019accreditamento da parte di un ente nazionale per il riconoscimento internazionale.<\/p>\n<p>[\/vc_column_text][\/vc_column_inner][vc_column_inner width=&#8221;1\/4&#8243;][\/vc_column_inner][\/vc_row_inner][vc_separator type=&#8221;normal&#8221; up=&#8221;25&#8243; down=&#8221;25&#8243; color=&#8221;#ffffff&#8221;][vc_row_inner row_type=&#8221;row&#8221; type=&#8221;grid&#8221; text_align=&#8221;left&#8221; css_animation=&#8221;&#8221;][vc_column_inner width=&#8221;3\/4&#8243;][vc_column_text css=&#8221;.vc_custom_1678114117273{padding-bottom: 20px !important;}&#8221;]<\/p>\n<h5>Accreditamento di programmi<\/h5>\n<p>Un accreditamento di programmi pu\u00f2 essere richiesto da una scuola universitaria solo se ha gi\u00e0 ottenuto l\u2019accreditamento istituzionale. L\u2019accreditamento dei cicli di studio non \u00e8 obbligatorio, ad eccezione delle professioni regolamentate nei settori della <a href=\"https:\/\/www.bag.admin.ch\/bag\/it\/home\/berufe-im-gesundheitswesen\/akkreditierung-gesundheitsberufe\/akkreditierung-ausbildungsgaenge-medizinalberufe.html\" target=\"_blank\" rel=\"noopener\">medicina<\/a> (compresa la <a href=\"https:\/\/www.bag.admin.ch\/bag\/it\/home\/berufe-im-gesundheitswesen\/akkreditierung-gesundheitsberufe\/akkreditierung-weiterbildungsgaenge-medizinalberufe.html\" target=\"_blank\" rel=\"noopener\">formazione di perfezionamento<\/a>), della <a href=\"https:\/\/www.bag.admin.ch\/bag\/it\/home\/berufe-im-gesundheitswesen\/akkreditierung-gesundheitsberufe\/akkreditierung-ausbildungsgaenge-Gesundheitsberufe.html\" target=\"_blank\" rel=\"noopener\">sanit\u00e0<\/a> e della <a href=\"https:\/\/www.bag.admin.ch\/bag\/it\/home\/berufe-im-gesundheitswesen\/akkreditierung-gesundheitsberufe\/akkreditierung-vonweiterbildungsgaengen-im-bereich-psychologieberufe.html\" target=\"_blank\" rel=\"noopener\">psicologia<\/a>.[\/vc_column_text][\/vc_column_inner][vc_column_inner width=&#8221;1\/4&#8243;][\/vc_column_inner][\/vc_row_inner][vc_separator type=&#8221;normal&#8221; up=&#8221;25&#8243; down=&#8221;25&#8243; color=&#8221;#ffffff&#8221;][vc_row_inner row_type=&#8221;row&#8221; type=&#8221;grid&#8221; text_align=&#8221;left&#8221; css_animation=&#8221;&#8221;][vc_column_inner width=&#8221;3\/4&#8243;][vc_column_text css=&#8221;.vc_custom_1678114152246{padding-bottom: 20px !important;}&#8221;]<\/p>\n<h5>Ricorso<\/h5>\n<p>Conformemente alla <a href=\"https:\/\/www.fedlex.admin.ch\/eli\/cc\/2014\/691\/it\" target=\"_blank\" rel=\"noopener\">LPSU<\/a>, \u00e8 possibile interporre ricorso presso il Tribunale amministrativo federale (casella postale, 9023 San Gallo) contro tutte le decisioni del Consiglio svizzero di accreditamento entro 30 giorni dalla notifica.[\/vc_column_text][\/vc_column_inner][vc_column_inner width=&#8221;1\/4&#8243;][\/vc_column_inner][\/vc_row_inner][vc_separator type=&#8221;normal&#8221; up=&#8221;25&#8243; down=&#8221;25&#8243; color=&#8221;#ffffff&#8221;][vc_row_inner row_type=&#8221;row&#8221; type=&#8221;grid&#8221; text_align=&#8221;left&#8221; css_animation=&#8221;&#8221;][vc_column_inner width=&#8221;3\/4&#8243;][vc_column_text css=&#8221;.vc_custom_1767495203144{padding-bottom: 20px !important;}&#8221;]<\/p>\n<h5>Domanda di riesame<\/h5>\n<p>La procedura amministrativa consente di presentare una domanda di riesame in qualsiasi momento. Ci\u00f2 vale anche per tutte le decisioni del Consiglio svizzero di accreditamento. In questo caso, la domanda di riesame deve essere presentata al Consiglio svizzero di accreditamento, Schwanengasse 9, casella postale, 3001 Berna.[\/vc_column_text][\/vc_column_inner][vc_column_inner width=&#8221;1\/4&#8243;][\/vc_column_inner][\/vc_row_inner][vc_separator type=&#8221;normal&#8221; up=&#8221;25&#8243; down=&#8221;25&#8243; color=&#8221;#ffffff&#8221;][vc_row_inner row_type=&#8221;row&#8221; type=&#8221;grid&#8221; text_align=&#8221;left&#8221; css_animation=&#8221;&#8221;][vc_column_inner width=&#8221;3\/4&#8243;][vc_column_text css=&#8221;.vc_custom_1678114451256{padding-bottom: 20px !important;}&#8221;]<\/p>\n<h5>Basi legali<\/h5>\n<p><ul class=\"dlm-downloads\"><li>\n\n <a class=\"download-button-link\" title=\"Legge sulla promozione e sul coordinamento del settore universitario svizzero (LPSU)\" href=\"https:\/\/www.fedlex.admin.ch\/eli\/cc\/2014\/691\/it\" rel=\"external noopener\" target=\"_blank\">\n\tLegge sulla promozione e sul coordinamento del settore universitario svizzero (LPSU)<\/a>\n     <\/li><li>\n\n <a class=\"download-button-link\" title=\"Ordinanza per l'accreditamento\" href=\"https:\/\/www.fedlex.admin.ch\/eli\/cc\/2015\/362\/it\" rel=\"external noopener\" target=\"_blank\">\n\tOrdinanza per l'accreditamento<\/a>\n     <\/li><li>\n\n <a class=\"download-button-link\" title=\"Ordinanza sul coordinamento dell\u2019insegnamento\" href=\"https:\/\/www.fedlex.admin.ch\/eli\/cc\/2019\/722\/it\" rel=\"external noopener\" target=\"_blank\">\n\tOrdinanza sul coordinamento dell\u2019insegnamento<\/a>\n     <\/li><li>\n\n <a class=\"download-button-link\" title=\"Ordinanza sull\u2019ammissione alle SUP\" href=\"https:\/\/www.fedlex.admin.ch\/eli\/cc\/2021\/316\/it\" rel=\"external noopener\" target=\"_blank\">\n\tOrdinanza sull\u2019ammissione alle SUP<\/a>\n     <\/li><\/ul>\n\t\t\t\t[\/vc_column_text][\/vc_column_inner][vc_column_inner width=&#8221;1\/4&#8243;][\/vc_column_inner][\/vc_row_inner][vc_separator type=&#8221;normal&#8221; up=&#8221;25&#8243; down=&#8221;25&#8243; color=&#8221;#ffffff&#8221;][vc_row_inner row_type=&#8221;row&#8221; type=&#8221;grid&#8221; text_align=&#8221;left&#8221; css_animation=&#8221;&#8221; el_id=&#8221;doc-scuole-universitarie&#8221;][vc_column_inner width=&#8221;3\/4&#8243;][vc_column_text css=&#8221;.vc_custom_1678114459582{padding-bottom: 20px !important;}&#8221;]<\/p>\n<h5>Documenti<\/h5>\n<p><ul class=\"dlm-downloads\"><li>\n\n <a class=\"download-button-link\" title=\"Download Modello di motivazione della domanda (docx)\"s href=\"https:\/\/akkreditierungsrat.ch\/it\/download\/modello-per-presentare-la-domanda\/?tmstv=1776503844\" rel=\"nofollow noopener\">\n\tModello di motivazione della domanda<\/a>\n   <\/li><li>\n\n <a class=\"download-button-link\" title=\"Download Domanda per l'accreditamento istituzionale (pdf)\"s href=\"https:\/\/akkreditierungsrat.ch\/it\/download\/domanda-per-laccreditamento-istituzionale-lpsu-formulario\/?tmstv=1776503844\" rel=\"nofollow noopener\">\n\tDomanda per l'accreditamento istituzionale<\/a>\n   <\/li><li>\n\n <a class=\"download-button-link\" title=\"Sullo status delle istituzioni estere e private del settore universitario a seguito della legge sulla promozione e sul coordinamento del settore universitario\" href=\"https:\/\/www.sbfi.admin.ch\/sbfi\/it\/home\/servizi\/pubblicazioni\/banca-dati-pubblicazioni\/istituzioni-private-uni.html\" rel=\"external noopener\" target=\"_blank\">\n\tSullo status delle istituzioni estere e private del settore universitario a seguito della legge sulla promozione e sul coordinamento del settore universitario<\/a>\n     <\/li><li>\n\n <a class=\"download-button-link\" title=\"Catalogo degli indirizzi di studio delle scuole universitarie professionali e alte scuole pedagogiche\" href=\"https:\/\/dam-api.bfs.admin.ch\/hub\/api\/dam\/assets\/21785400\/master\" rel=\"external noopener\" target=\"_blank\">\n\tCatalogo degli indirizzi di studio delle scuole universitarie professionali e alte scuole pedagogiche<\/a>\n     <\/li><li>\n\n <a class=\"download-button-link\" title=\"Catalogo degli indirizzi delle universit\u00e0 e politecnici federali\" href=\"https:\/\/dam-api.bfs.admin.ch\/hub\/api\/dam\/assets\/7166845\/master\" rel=\"external noopener\" target=\"_blank\">\n\tCatalogo degli indirizzi delle universit\u00e0 e politecnici federali<\/a>\n     <\/li><li>\n\n <a class=\"download-button-link\" title=\"Download Protezione dei titoli nel settore universitario svizzero (pdf)\"s href=\"https:\/\/akkreditierungsrat.ch\/it\/download\/titelschutz-im-schweizerischen-hochschulbereich\/?tmstv=1776503844\" rel=\"nofollow noopener\">\n\tProtezione dei titoli nel settore universitario svizzero<\/a>\n   <\/li><\/ul>\n\t\t\t\t[\/vc_column_text][\/vc_column_inner][vc_column_inner width=&#8221;1\/4&#8243;][\/vc_column_inner][\/vc_row_inner][vc_separator type=&#8221;normal&#8221; up=&#8221;25&#8243; down=&#8221;25&#8243; color=&#8221;#ffffff&#8221;][vc_row_inner row_type=&#8221;row&#8221; type=&#8221;grid&#8221; text_align=&#8221;left&#8221; css_animation=&#8221;&#8221; el_id=&#8221;agenzie&#8221;][vc_column_inner width=&#8221;3\/4&#8243;][vc_column_text css=&#8221;.vc_custom_1678114493055{padding-bottom: 20px !important;}&#8221;]<\/p>\n<h5>Agenzie riconosciute<\/h5>\n<p>&nbsp;<\/p>\n<table width=\"400\">\n<tbody>\n<tr>\n<td data-th=\"Agency\"><a href=\"https:\/\/aaq.ch\/it\/\" target=\"_blank\" rel=\"noopener\">AAQ<\/a><\/td>\n<td data-th=\"Description\">Agenzia svizzera di accreditamento e garanzia della qualit\u00e0<\/td>\n<\/tr>\n<tr>\n<td data-th=\"Agency\"><a href=\"https:\/\/www.acquin.org\/de\" target=\"_blank\" rel=\"noopener\">ACQUIN<\/a><\/td>\n<td data-th=\"Description\">Akkreditierungs-, Certifizierungs- und Qualit\u00e4tssicherungs-Institut<\/td>\n<\/tr>\n<tr>\n<td data-th=\"Agency\"><a href=\"http:\/\/ahpgs.de\" target=\"_blank\" rel=\"noopener\">AHPGS<\/a><\/td>\n<td data-th=\"Description\">Agentur im Bereich Gesundheit und Soziales<\/td>\n<\/tr>\n<tr>\n<td data-th=\"Agency\"><a href=\"https:\/\/www.aq.ac.at\" target=\"_blank\" rel=\"noopener\">AQ Austria<\/a><\/td>\n<td data-th=\"Description\">Agentur f\u00fcr Qualit\u00e4tssicherung und Akkreditierung Austria<\/td>\n<\/tr>\n<tr>\n<td data-th=\"Agency\"><a href=\"http:\/\/www.evalag.de\" target=\"_blank\" rel=\"noopener\">evalag<\/a><\/td>\n<td data-th=\"Description\">Evaluationsagentur Baden-W\u00fcrttemberg<\/td>\n<\/tr>\n<tr>\n<td data-th=\"Agency\"><a href=\"http:\/\/www.fibaa.org\" target=\"_blank\" rel=\"noopener\">FIBAA<\/a><\/td>\n<td data-th=\"Description\">Foundation for International Business Administration\u00a0Accreditation<\/td>\n<\/tr>\n<\/tbody>\n<\/table>\n<p>[\/vc_column_text][\/vc_column_inner][vc_column_inner width=&#8221;1\/4&#8243;][\/vc_column_inner][\/vc_row_inner][vc_separator type=&#8221;normal&#8221; up=&#8221;0&#8243; down=&#8221;25&#8243; color=&#8221;#ffffff&#8221; thickness=&#8221;0&#8243;][\/vc_column][\/vc_row][vc_row css_animation=&#8221;&#8221; row_type=&#8221;row&#8221; use_row_as_full_screen_section=&#8221;yes&#8221; type=&#8221;full_width&#8221; angled_section=&#8221;no&#8221; text_align=&#8221;left&#8221; background_image_as_pattern=&#8221;without_pattern&#8221; el_id=&#8221;agenzie-accreditamento&#8221; z_index=&#8221;&#8221; background_color=&#8221;#eaeaea&#8221; css=&#8221;.vc_custom_1678262316457{background-color: #ffffff !important;}&#8221;][vc_column][vc_row_inner row_type=&#8221;row&#8221; type=&#8221;grid&#8221; text_align=&#8221;left&#8221; css_animation=&#8221;&#8221;][vc_column_inner][vc_column_text css=&#8221;.vc_custom_1678114327307{margin-bottom: 20px !important;padding-top: 60px !important;}&#8221;]<\/p>\n<h2>Per le agenzie di accreditamento<\/h2>\n<p>[\/vc_column_text][\/vc_column_inner][\/vc_row_inner][vc_row_inner row_type=&#8221;row&#8221; type=&#8221;grid&#8221; text_align=&#8221;left&#8221; css_animation=&#8221;&#8221;][vc_column_inner width=&#8221;3\/4&#8243;][vc_column_text]Il Consiglio svizzero di accreditamento pu\u00f2 riconoscere \u2013 oltre all\u2019<a href=\"https:\/\/aaq.ch\/it\/\" target=\"_blank\" rel=\"noopener\">Agenzia svizzera di accreditamento e garanzia della qualit\u00e0 (AAQ)<\/a> istituita dalla LPSU \u2013 altre agenzie svizzere o straniere che soddisfano i requisiti della LPSU. In Svizzera, sei agenzie in totale sono autorizzate a condurre procedure di accreditamento.[\/vc_column_text][\/vc_column_inner][vc_column_inner width=&#8221;1\/4&#8243;][\/vc_column_inner][\/vc_row_inner][vc_separator type=&#8221;normal&#8221; up=&#8221;25&#8243; down=&#8221;25&#8243; color=&#8221;#cccccc&#8221;][vc_row_inner row_type=&#8221;row&#8221; type=&#8221;grid&#8221; text_align=&#8221;left&#8221; css_animation=&#8221;&#8221;][vc_column_inner width=&#8221;3\/4&#8243;][vc_column_text css=&#8221;.vc_custom_1678114472481{padding-bottom: 20px !important;}&#8221;]<\/p>\n<h5>Basi legali<\/h5>\n<p><ul class=\"dlm-downloads\"><li>\n\n <a class=\"download-button-link\" title=\"Legge sulla promozione e sul coordinamento del settore universitario svizzero (LPSU)\" href=\"https:\/\/www.fedlex.admin.ch\/eli\/cc\/2014\/691\/it\" rel=\"external noopener\" target=\"_blank\">\n\tLegge sulla promozione e sul coordinamento del settore universitario svizzero (LPSU)<\/a>\n     <\/li><li>\n\n <a class=\"download-button-link\" title=\"Ordinanza per l'accreditamento\" href=\"https:\/\/www.fedlex.admin.ch\/eli\/cc\/2015\/362\/it\" rel=\"external noopener\" target=\"_blank\">\n\tOrdinanza per l'accreditamento<\/a>\n     <\/li><li>\n\n <a class=\"download-button-link\" title=\"Download Regolamento del Consiglio svizzero di accreditamento sul riconoscimento delle agenzie secondo la LPSU (pdf)\"s href=\"https:\/\/akkreditierungsrat.ch\/it\/download\/direttive-del-consiglio-svizzero-di-accreditamento-sul-riconoscimento-di-agenzie-per-laccreditamento-secondo-la-lpsu\/?tmstv=1776503844\" rel=\"nofollow noopener\">\n\tRegolamento del Consiglio svizzero di accreditamento sul riconoscimento delle agenzie secondo la LPSU<\/a>\n   <\/li><\/ul>\n\t\t\t\t[\/vc_column_text][\/vc_column_inner][vc_column_inner width=&#8221;1\/4&#8243;][\/vc_column_inner][\/vc_row_inner][vc_separator type=&#8221;normal&#8221; up=&#8221;25&#8243; down=&#8221;25&#8243; color=&#8221;#cccccc&#8221;][vc_row_inner row_type=&#8221;row&#8221; type=&#8221;grid&#8221; text_align=&#8221;left&#8221; css_animation=&#8221;&#8221;][vc_column_inner width=&#8221;3\/4&#8243;][vc_column_text css=&#8221;.vc_custom_1678114547679{padding-bottom: 20px !important;}&#8221;]<\/p>\n<h5>Documenti<\/h5>\n<p><ul class=\"dlm-downloads\"><li>\n\n <a class=\"download-button-link\" title=\"Sullo status delle istituzioni estere e private del settore universitario a seguito della legge sulla promozione e sul coordinamento del settore universitario\" href=\"https:\/\/www.sbfi.admin.ch\/sbfi\/it\/home\/servizi\/pubblicazioni\/banca-dati-pubblicazioni\/istituzioni-private-uni.html\" rel=\"external noopener\" target=\"_blank\">\n\tSullo status delle istituzioni estere e private del settore universitario a seguito della legge sulla promozione e sul coordinamento del settore universitario<\/a>\n     <\/li><li>\n\n <a class=\"download-button-link\" title=\"Catalogo degli indirizzi di studio delle scuole universitarie professionali e alte scuole pedagogiche\" href=\"https:\/\/dam-api.bfs.admin.ch\/hub\/api\/dam\/assets\/21785400\/master\" rel=\"external noopener\" target=\"_blank\">\n\tCatalogo degli indirizzi di studio delle scuole universitarie professionali e alte scuole pedagogiche<\/a>\n     <\/li><li>\n\n <a class=\"download-button-link\" title=\"Catalogo degli indirizzi delle universit\u00e0 e politecnici federali\" href=\"https:\/\/dam-api.bfs.admin.ch\/hub\/api\/dam\/assets\/7166845\/master\" rel=\"external noopener\" target=\"_blank\">\n\tCatalogo degli indirizzi delle universit\u00e0 e politecnici federali<\/a>\n     <\/li><li>\n\n <a class=\"download-button-link\" title=\"Download Protezione dei titoli nel settore universitario svizzero (pdf)\"s href=\"https:\/\/akkreditierungsrat.ch\/it\/download\/titelschutz-im-schweizerischen-hochschulbereich\/?tmstv=1776503844\" rel=\"nofollow noopener\">\n\tProtezione dei titoli nel settore universitario svizzero<\/a>\n   <\/li><\/ul>\n\t\t\t\t[\/vc_column_text][\/vc_column_inner][vc_column_inner width=&#8221;1\/4&#8243;][\/vc_column_inner][\/vc_row_inner][vc_empty_space height=&#8221;50px&#8221;][\/vc_column][\/vc_row]<\/p>\n<\/div>","protected":false},"excerpt":{"rendered":"<p>[vc_row css_animation=&#8221;&#8221; row_type=&#8221;row&#8221; use_row_as_full_screen_section=&#8221;yes&#8221; type=&#8221;full_width&#8221; angled_section=&#8221;no&#8221; text_align=&#8221;left&#8221; background_image_as_pattern=&#8221;without_pattern&#8221; poster=&#8221;&#8221; mp4=&#8221;&#8221; m4v=&#8221;&#8221; webm=&#8221;&#8221; ogv=&#8221;&#8221; overlay=&#8221;&#8221; z_index=&#8221;&#8221; el_id=&#8221;einleitung&#8221;][vc_column][vc_empty_space height=&#8221;25px&#8221;][vc_row_inner row_type=&#8221;row&#8221; type=&#8221;grid&#8221; text_align=&#8221;left&#8221; css_animation=&#8221;&#8221;][vc_column_inner width=&#8221;3\/4&#8243;][vc_column_text css=&#8221;.vc_custom_1678113770486{padding-bottom: 20px !important;}&#8221;]Sulla base della Costituzione federale, la Confederazione e i Cantoni assicurano la garanzia della qualit\u00e0 nel settore universitario svizzero. A tal&#8230;<\/p>\n","protected":false},"author":13,"featured_media":0,"parent":0,"menu_order":2,"comment_status":"closed","ping_status":"closed","template":"full_width.php","meta":{"footnotes":""},"class_list":["post-6964","page","type-page","status-publish","hentry"],"_links":{"self":[{"href":"https:\/\/akkreditierungsrat.ch\/it\/wp-json\/wp\/v2\/pages\/6964","targetHints":{"allow":["GET"]}}],"collection":[{"href":"https:\/\/akkreditierungsrat.ch\/it\/wp-json\/wp\/v2\/pages"}],"about":[{"href":"https:\/\/akkreditierungsrat.ch\/it\/wp-json\/wp\/v2\/types\/page"}],"author":[{"embeddable":true,"href":"https:\/\/akkreditierungsrat.ch\/it\/wp-json\/wp\/v2\/users\/13"}],"replies":[{"embeddable":true,"href":"https:\/\/akkreditierungsrat.ch\/it\/wp-json\/wp\/v2\/comments?post=6964"}],"version-history":[{"count":11,"href":"https:\/\/akkreditierungsrat.ch\/it\/wp-json\/wp\/v2\/pages\/6964\/revisions"}],"predecessor-version":[{"id":8127,"href":"https:\/\/akkreditierungsrat.ch\/it\/wp-json\/wp\/v2\/pages\/6964\/revisions\/8127"}],"wp:attachment":[{"href":"https:\/\/akkreditierungsrat.ch\/it\/wp-json\/wp\/v2\/media?parent=6964"}],"curies":[{"name":"wp","href":"https:\/\/api.w.org\/{rel}","templated":true}]}}